{"id":815,"date":"2022-11-08T19:45:12","date_gmt":"2022-11-08T19:45:12","guid":{"rendered":"https:\/\/www.snshipbrokers.com\/private-policy"},"modified":"2023-06-10T09:27:25","modified_gmt":"2023-06-10T09:27:25","slug":"private-policy","status":"publish","type":"page","link":"https:\/\/www.snshipbrokers.com\/es\/private-policy","title":{"rendered":"Pol\u00edtica de Privacidad"},"content":{"rendered":"\t\t<div data-elementor-type=\"wp-page\" data-elementor-id=\"815\" class=\"elementor elementor-815 elementor-345\" data-elementor-post-type=\"page\">\n\t\t\t\t<div class=\"elementor-element elementor-element-c714d2d e-flex e-con-boxed e-con e-parent\" data-id=\"c714d2d\" data-element_type=\"container\" data-e-type=\"container\">\n\t\t\t\t\t<div class=\"e-con-inner\">\n\t\t\t\t<div class=\"elementor-element elementor-element-a5d7d12 elementor-widget elementor-widget-heading\" data-id=\"a5d7d12\" data-element_type=\"widget\" data-e-type=\"widget\" data-widget_type=\"heading.default\">\n\t\t\t\t<div class=\"elementor-widget-container\">\n\t\t\t\t\t<h1 class=\"elementor-heading-title elementor-size-default\">Pol\u00edtica de Privacidad<\/h1>\t\t\t\t<\/div>\n\t\t\t\t<\/div>\n\t\t\t\t<div class=\"elementor-element elementor-element-5d14ae1 elementor-widget__width-inherit elementor-widget-divider--view-line elementor-widget elementor-widget-divider\" data-id=\"5d14ae1\" data-element_type=\"widget\" data-e-type=\"widget\" data-widget_type=\"divider.default\">\n\t\t\t\t<div class=\"elementor-widget-container\">\n\t\t\t\t\t\t\t<div class=\"elementor-divider\">\n\t\t\t<span class=\"elementor-divider-separator\">\n\t\t\t\t\t\t<\/span>\n\t\t<\/div>\n\t\t\t\t\t\t<\/div>\n\t\t\t\t<\/div>\n\t\t\t\t<div class=\"elementor-element elementor-element-3d5b0b8 elementor-widget elementor-widget-text-editor\" data-id=\"3d5b0b8\" data-element_type=\"widget\" data-e-type=\"widget\" data-widget_type=\"text-editor.default\">\n\t\t\t\t<div class=\"elementor-widget-container\">\n\t\t\t\t\t\t\t\t\t<p>A efecto de lo previsto en el <strong>REGLAMENTO (UE) 2016\/679 DEL PARLAMENTO EUROPEO Y DEL CONSEJO de 27 de abril de 2016<\/strong> (en adelante, \u201cRGPD\u201d) relativo a la protecci\u00f3n de las personas f\u00edsicas en lo que respecta al tratamiento de datos personales y a la libre circulaci\u00f3n de estos datos, <strong>SN SHIPBROKERS<\/strong> <strong>\u00a0SL,<\/strong> como responsable del tratamiento, informa al usuario de la existencia de un fichero automatizado de datos de car\u00e1cter personal creado por y para \u00a0la citada entidad y bajo su responsabilidad, con la finalidad de realizar el mantenimiento y gesti\u00f3n de la relaci\u00f3n con el usuario, as\u00ed como las labores de informaci\u00f3n y facilitar respuesta a la solicitud por el usuario de presupuestos online\u00a0<\/p><p>En el momento de la aceptaci\u00f3n de las presentes condiciones generales, <strong>SN SHIPBROKERS SL<\/strong> precisar\u00e1 del usuario la recogida de unos datos imprescindibles para la prestaci\u00f3n de sus servicios.<\/p><p><strong>\u00bfQUI\u00c9N ES LA ENTIDAD RESPONSABLE DEL TRATAMIENTO DE SUS DATOS?<\/strong><\/p><p>Identidad: <strong>SN SHIPBROKERS SL\u00a0\u00a0\u00a0<\/strong> <br \/>NIF: <strong>B05425723<br \/><\/strong>Direcci\u00f3n postal: <strong>Calle Ayala, N\u00ba 6, 28001, MADRID<br \/><\/strong>Tel\u00e9fono: <strong>+34 91 4316640\u00a0\u00a0\u00a0<\/strong>\u00a0 \u00a0 <br \/>Correo electr\u00f3nico: <a href=\"mailto:dpo@suardiaz.com\">dpo@suardiaz.com<\/a><\/p><p><strong>FINALIDADES<\/strong><\/p><p>Las finalidades de <strong>SN SHIPBROKERS SL<\/strong> son el mantenimiento y gesti\u00f3n de la relaci\u00f3n con el usuario, as\u00ed como las labores de informaci\u00f3n.<\/p><ul><li>Fines comerciales. Contestar a las consultas, solicitudes o peticiones de los usuarios.<\/li><li>Informaci\u00f3n por medios electr\u00f3nicos, que versen sobre la solicitud.<\/li><li>Informaci\u00f3n publicitaria si existe autorizaci\u00f3n expresa del usuario.<\/li><li>Suscripci\u00f3n a newsletters de los usuarios.<\/li><\/ul><p>Los servidores de la p\u00e1gina web, podr\u00e1n detectar de manera autom\u00e1tica la direcci\u00f3n IP y del nombre de dominio utilizados por el usuario. Una direcci\u00f3n IP es un n\u00famero asignado autom\u00e1ticamente a un ordenador cuando \u00e9sta se conecta a Internet. Toda esta informaci\u00f3n es registrada en un fichero de actividad del servidor que permite el posterior procesamiento de los datos con el fin de obtener mediciones \u00fanicamente estad\u00edsticas que permitan conocer el n\u00famero de visitas realizadas a la p\u00e1gina web el orden de visitas, el punto de acceso, etc.<\/p><p><strong>\u00bfPOR CU\u00c1NTO TIEMPO CONSERVAREMOS SUS DATOS?<\/strong><\/p><p>Los datos personales proporcionados por los usuarios de la p\u00e1gina web que se suscriben a newsletters se conservar\u00e1n desde que el usuario se suscribe hasta el momento en que se solicite su baja.<\/p><p>Los datos cumplimentados por el usuario en el formulario de contacto se conservar\u00e1n mientras no se solicite su supresi\u00f3n por el interesado.<\/p><p>Los datos cumplimentados por el usuario en el formulario habilitado para presupuestos online se mantendr\u00e1n durante los plazos legalmente previstos, incluido el plazo en el que un juez o tribunal los pueda requerir atendiendo al plazo de prescripci\u00f3n de acciones judiciales. De no existir ese plazo legal, hasta que el interesado solicite su supresi\u00f3n o revoque el consentimiento otorgado.<\/p><p>Se mantendr\u00e1 toda la informaci\u00f3n y comunicaciones relativas a la prestaci\u00f3n de nuestro servicio, mientras duren las garant\u00edas de servicios, para atender posibles reclamaciones.<\/p><p><strong>\u00bfCU\u00c1L ES LA LEGITIMACI\u00d3N PARA EL TRATAMIENTO DE SUS DATOS?<\/strong><\/p><p>Reglamento General de Protecci\u00f3n de Datos. Art\u00edculo 6.1 a) El interesado dio su consentimiento para el tratamiento de sus datos personales para uno o varios fines espec\u00edficos<\/p><p>La base legal para el tratamiento de sus datos es el consentimiento otorgado por el titular de los datos, al registrar sus datos en los formularios habilitados en la presente p\u00e1gina web, perteneciente al responsable del tratamiento.<\/p><p>En aquellos casos donde para realizar una solicitud sea necesario cumplimentar un formulario, al marcar el usuario el checkbox de aceptaci\u00f3n de la pol\u00edtica de privacidad, implicar\u00e1 necesariamente que ha sido informado y ha otorgado expresamente su consentimiento al contenido de la cl\u00e1usula anexada a dicho formulario o aceptaci\u00f3n de la pol\u00edtica de privacidad.<\/p><p>Todos los formularios cuentan con el s\u00edmbolo * en los datos obligatorios. Si no se facilitan esos campos, y no se marca el checkbox de aceptaci\u00f3n de la pol\u00edtica de privacidad, no se permitir\u00e1 el env\u00edo de la informaci\u00f3n.<\/p><p>Le informamos que los datos personales que se obtengan como consecuencia de su registro como usuario formaran parte del Registro de Actividades y operaciones de Tratamiento (RAT), que se actualizar\u00e1 peri\u00f3dicamente de acuerdo con lo establecido en el RGPD.<\/p><p><strong>\u00bfA QU\u00c9 DESTINATARIOS SE COMUNICAR\u00c1N SUS DATOS?<\/strong><\/p><p>Podremos comunicar sus datos a otras empresas del <strong>GRUPO SUARDIAZ, <\/strong>y terceros con los que exista un convenio de colaboraci\u00f3n o una relaci\u00f3n de prestaci\u00f3n de servicios<\/p><p>Se comunicar\u00e1n igualmente los datos en los supuestos previstos legalmente.<\/p><p><strong>EXACTITUD Y VERACIDAD DE LOS DATOS FACILITADOS<\/strong><\/p><p>El usuario es el \u00fanico responsable de la veracidad y correcci\u00f3n de los datos incluidos, exoner\u00e1ndose <strong>SN SHIPBROKERS SL<\/strong> de cualquier responsabilidad al respecto. Los usuarios garantizan y responden, en cualquier caso, de la exactitud, vigencia y autenticidad de los datos personales facilitados, y se comprometen a mantenerlos debidamente actualizados. El usuario acepta proporcionar informaci\u00f3n completa y correcta en el formulario de registro o suscripci\u00f3n.<\/p><p><strong>SN SHIPBROKERS SL<\/strong> no responde de la veracidad de las informaciones que no sean de elaboraci\u00f3n propia y de las que se indique otra fuente, por lo que tampoco asume responsabilidad alguna en cuanto a hipot\u00e9ticos perjuicios que pudieran originarse por el uso de dicha informaci\u00f3n.<\/p><p><strong>SN SHIPBROKERS SL <\/strong>se reserva el derecho a actualizar, modificar o eliminar la informaci\u00f3n contenida en sus p\u00e1ginas web pudiendo incluso limitar o no permitir el acceso a dicha informaci\u00f3n. Se exonera a <strong>SN SHIPBROKERS SL<\/strong> de responsabilidad ante cualquier da\u00f1o o perjuicio que pudiera sufrir el usuario como consecuencia de errores, defectos u omisiones, en la informaci\u00f3n facilitada por <strong>SN SHIPBROKERS SL<\/strong> siempre que proceda de fuentes ajenas a la empresa.<\/p><p><strong>DATOS PERSONALES DE TERCEROS Y MENORES DE EDAD<\/strong><\/p><p>Como norma general s\u00f3lo trata los datos que facilitan los titulares. Si nos aportas datos de terceros, se deber\u00e1 con car\u00e1cter previo, informar y solicitar su consentimiento a dichas personas, o de lo contrario la persona responsable del tratamiento, se exime de cualquier responsabilidad por el incumplimiento de \u00e9ste requisito.<\/p><p>No se tratan datos de menores de 14 a\u00f1os. Por tanto, abst\u00e9ngase de facilitarlos si no tiene esa edad o, en su caso, de facilitar datos de terceros que no tengan la citada edad. La persona responsable del tratamiento se exime de cualquier responsabilidad por el incumplimiento de esta previsi\u00f3n.<\/p><p><strong>\u00bfCU\u00c1LES SON SUS DERECHOS CUANDO NOS FACILITA SUS DATOS?<\/strong><\/p><p>Cualquier persona tiene derecho a obtener confirmaci\u00f3n sobre si estamos tratando datos personales que le conciernen o no.<\/p><p>Las personas interesadas tienen derecho a acceder a sus datos personales, as\u00ed como a solicitar la rectificaci\u00f3n de los datos inexactos, o en su caso, solicitar su supresi\u00f3n cuando, entre otros motivos, los datos ya no son necesarios para los fines que fueron recogidos.<\/p><p>En determinadas circunstancias, los interesados podr\u00e1n solicitar la limitaci\u00f3n del tratamiento de sus datos, en cuyo caso \u00fanicamente los conservaremos para el ejercicio o la defensa de las reclamaciones.<\/p><p>En determinadas circunstancias y por motivos relacionados con su situaci\u00f3n particular, los interesados podr\u00e1n oponerse al tratamiento de sus datos. Se dejar\u00e1n de tratar los datos, salvo por motivos leg\u00edtimos imperiosos, o el ejercicio o la defensa de posibles reclamaciones.<\/p><p>Cualquier persona tiene derecho a recibir los datos personales que le incumban, que nos haya facilitado en un formato estructurado, de uso com\u00fan y lectura mec\u00e1nica y a transmitirlos a otro responsable de tratamiento, sin que lo impida el responsable.<\/p><p>El interesado que ha otorgado el consentimiento para alguna finalidad espec\u00edfica tiene derecho a retirar el consentimiento en cualquier momento, sin que ello afecte a la licitud del tratamiento basado en el consentimiento previo a su retirada.<\/p><p>Cualquier persona interesada, puede presentar una reclamaci\u00f3n ante la Autoridad de Control en materia de Protecci\u00f3n de Datos competente, especialmente cuando no haya obtenido satisfacci\u00f3n en el ejercicio de sus derechos. Se puede poner en contacto con la Agencia Espa\u00f1ola de Protecci\u00f3n de Datos en la siguiente direcci\u00f3n electr\u00f3nica:\u00a0<\/p><p><a href=\"https:\/\/www.agpd.es\/portalwebAGPD\/CanalDelCiudadano\/contacteciudadano\/index-ides-idphp.php\">https:\/\/www.agpd.es\/portalwebAGPD\/CanalDelCiudadano\/contacteciudadano\/index-ides-idphp.php<\/a><\/p><p>Podr\u00e1 dirigir sus comunicaciones y ejercitar los derechos de acceso, rectificaci\u00f3n, supresi\u00f3n y oposici\u00f3n en el siguiente correo electr\u00f3nico: <a href=\"mailto:dpo@suardiaz.com\">dpo@suardiaz.com<\/a><\/p><p>En virtud de lo que establece el RGPD, usted tambi\u00e9n puede solicitar, en los mismos t\u00e9rminos y procedimiento, los derechos a la limitaci\u00f3n del tratamiento (art. 18) y a la portabilidad de los datos (art. 20).<\/p><p><strong>MEDIDAS DE SEGURIDAD<\/strong><\/p><p>Se ha adoptado los niveles de seguridad de protecci\u00f3n de los Datos Personales legalmente requeridos, y procuran instalar aquellos otros medios y medidas t\u00e9cnicas adicionales a su alcance para evitar la p\u00e9rdida, mal uso, alteraci\u00f3n, acceso no autorizado y robo de los Datos Personales facilitados a <strong>SN SHIPBROKERS SL<\/strong><\/p><p><strong>SN SHIPBROKERS SL<\/strong>, no es responsable de hipot\u00e9ticos da\u00f1os o perjuicios que se pudieran derivar de interferencias, omisiones, interrupciones, virus inform\u00e1ticos, aver\u00edas telef\u00f3nicas o desconexiones en el funcionamiento operativo de este sistema electr\u00f3nico, motivadas por causas ajenas a <strong>SHIPBROKERS SL<\/strong>; de retrasos o bloqueos en el uso del presente sistema electr\u00f3nico causados por deficiencias o sobrecargas de l\u00edneas telef\u00f3nicas o sobrecargas en el Centro de Procesos de Datos, en el sistema de Internet o en otros sistemas electr\u00f3nicos, as\u00ed como de da\u00f1os que puedan ser causados por terceras personas mediante intromisiones ileg\u00edtimas fuera del control de <strong>SHIPBROKERS SL<\/strong>. Ello, no obstante, el usuario debe ser consciente de que las medidas de seguridad en Internet no son inexpugnables.<\/p><p><strong>ACEPTACI\u00d3N Y CONSENTIMIENTO<\/strong><\/p><p>El usuario declara haber sido informado de las condiciones sobre protecci\u00f3n de datos personales, aceptando y consintiendo el tratamiento automatizado de los mismos por parte de <strong>SN SHIPBROKERS SL<\/strong> en la forma y para las finalidades indicadas en la presente Pol\u00edtica de Privacidad. Ciertos servicios prestados en el Portal pueden contener condiciones particulares con previsiones espec\u00edficas en materia de protecci\u00f3n de Datos Personales.<\/p>\t\t\t\t\t\t\t\t<\/div>\n\t\t\t\t<\/div>\n\t\t\t\t\t<\/div>\n\t\t\t\t<\/div>\n\t\t\t\t<\/div>\n\t\t","protected":false},"excerpt":{"rendered":"<p>Pol\u00edtica de Privacidad A efecto de lo previsto en el REGLAMENTO (UE) 2016\/679 DEL PARLAMENTO EUROPEO Y DEL CONSEJO de 27 de abril de 2016 (en adelante, \u201cRGPD\u201d) relativo a la protecci\u00f3n de las personas f\u00edsicas en lo que respecta al tratamiento de datos personales y a la libre circulaci\u00f3n de estos datos, SN SHIPBROKERS [&hellip;]<\/p>\n","protected":false},"author":1,"featured_media":0,"parent":0,"menu_order":0,"comment_status":"closed","ping_status":"closed","template":"","meta":{"_acf_changed":false,"footnotes":""},"class_list":["post-815","page","type-page","status-publish","hentry"],"acf":[],"_links":{"self":[{"href":"https:\/\/www.snshipbrokers.com\/es\/wp-json\/wp\/v2\/pages\/815","targetHints":{"allow":["GET"]}}],"collection":[{"href":"https:\/\/www.snshipbrokers.com\/es\/wp-json\/wp\/v2\/pages"}],"about":[{"href":"https:\/\/www.snshipbrokers.com\/es\/wp-json\/wp\/v2\/types\/page"}],"author":[{"embeddable":true,"href":"https:\/\/www.snshipbrokers.com\/es\/wp-json\/wp\/v2\/users\/1"}],"replies":[{"embeddable":true,"href":"https:\/\/www.snshipbrokers.com\/es\/wp-json\/wp\/v2\/comments?post=815"}],"version-history":[{"count":4,"href":"https:\/\/www.snshipbrokers.com\/es\/wp-json\/wp\/v2\/pages\/815\/revisions"}],"predecessor-version":[{"id":1053,"href":"https:\/\/www.snshipbrokers.com\/es\/wp-json\/wp\/v2\/pages\/815\/revisions\/1053"}],"wp:attachment":[{"href":"https:\/\/www.snshipbrokers.com\/es\/wp-json\/wp\/v2\/media?parent=815"}],"curies":[{"name":"wp","href":"https:\/\/api.w.org\/{rel}","templated":true}]}}